{"id":297,"date":"2026-05-05T13:50:44","date_gmt":"2026-05-05T13:50:44","guid":{"rendered":"https:\/\/www.theoken.nl\/blog\/?page_id=297"},"modified":"2026-05-05T13:58:49","modified_gmt":"2026-05-05T13:58:49","slug":"voorouders-ii-conventikels-en-beroeringen-in-de-alblasserwaard","status":"publish","type":"page","link":"https:\/\/www.theoken.nl\/blog\/voorouders-ii-conventikels-en-beroeringen-in-de-alblasserwaard\/","title":{"rendered":"Voorouders II: conventikels en beroeringen in de Alblasserwaard."},"content":{"rendered":"\n<p>Tot circa 1700 komen al mijn voorouders (250 zijn er tot zeven generaties terug bekend) uit een beperkt gebied, meestal kleine dorpjes nooit verder dan 70 kilometer van Dordrecht. Er zijn twee uitzonderingen. E\u00e9n voorvader kwam uit Pruisen (zie elders), en \u00e9\u00e9n uit Aalten. Daar in de Achterhoek werd in 1753 Willem Lohuis (of Loos) geboren. Hij trouwde in 1787 in Bleskensgraaf met Grietje de Wit. Aalten is ver weg van Bleskensgraaf, enkele dagen reizen in de 18e eeuw, maar is het in \u00e9\u00e9n opzicht niet: \u00e9n Aalten \u00e9n Bleskensgraaf maken deel uit van de tientallen plaatsen waarin halverwege de 18e eeuw religieuze \u2018<em>beroeringen\u2019<\/em>&nbsp;plaatsvonden: grote groepen gelovigen kregen vooral tijdens kerkdiensten allerlei lichamelijke verschijnselen: spasmen, flauwvallen, visioenen. Mensen begonnen spontaan te huilen, zingen en te roepen, vaak dwars door de dominee heen. Die golf van beroeringen begon met \u2018het&nbsp;<a href=\"https:\/\/www.statenvertaling.net\/concordantie\/r\/ruisen\/1\/\" target=\"_blank\" rel=\"noreferrer noopener\">ruisen als de Libanon<\/a>\u2019 in Nijkerk in 1749, verspreidde zich over tientallen plaatsen in ons land en het Duitse grensgebied, vooral binnen de gereformeerde (later: hervormde) kerk en duurde tot 1752.<\/p>\n\n\n\n<p>Omdat deze calvinistische kerk eerder noch later met vergelijkbare verschijnselen te maken had, lijken de gebeurtenissen buitengewoon merkwaardig. Maar misschien is het niet meer voorkomen van vergelijkbare manieren van geloofsuitingen binnen de Nederlandse calvinistische kerken veel merkwaardiger. Want in veel geloofsgemeenschappen waren en zijn vergelijkbare extatische geloofsuitingen niet ongewoon. Denk bij voorbeeld aan Afro-Amerikaanse en blanke kerkgenootschappen in Amerika.<\/p>\n\n\n\n<p>De achttiende-eeuwse beroerten lijken zich vooral af te spelen in de tegenwoordige&nbsp;<em>bible belt<\/em>, en sommige onderzoekers zien dan ook een direct verband. Maar ook in plaatsen waar de gereformeerde bevindelijkheid geen wortel schoot, deden de verschijnselen zich voor. Anderzijds zijn er wel verbanden met de zogenaamde&nbsp;<a href=\"https:\/\/nl.wikipedia.org\/wiki\/Nadere_Reformatie\"><em>Nadere Reformatie<\/em>&nbsp;<\/a>en de&nbsp;<em>conventikels,&nbsp;<\/em>religieuze bijeenkomsten in de gereformeerde kerk<em>.&nbsp;<\/em>Met deze conventikels zijn tenminste twee van mijn voorouders verbonden.<\/p>\n\n\n\n<p>Conventikels waren ontstaan tijdens de Nadere Reformatie in de 17e eeuw, de Nederlands-calvinistische vorm van het&nbsp;<em>pi\u00ebtisme<\/em>. Gelijkgezinde vromen, meestal uit de eenvoudige klassen, kwamen in huiskamerbijeenkomsten bijeen om het geloof te belijden \u00e9n om zich te onderscheiden van kerkgenoten met een minder doorleefd geloof. De gereformeerde kerk was immers de staatskerk: bijna de hele elite was gereformeerd, maar onder hen waren in de ogen van de vromen&nbsp;veel opportunisten, die het ware geloof misten.&nbsp; Middels catechisatie, zwarte kleding, bijbels taalgebruik (de zogenaamde&nbsp;<em><a href=\"https:\/\/nl.wikipedia.org\/wiki\/Tale_Kana%C3%A4ns\">tale Kana\u00e4ns<\/a>,&nbsp;<\/em>een eigenaardig jargon, gebaseerd op het taalgebruik uit de Statenvertaling en letterlijk vertaalde Hebreeuwse uitdrukkingen) en andere uitingen probeerden de \u2018ware gelovigen\u2019 zich van hen die alleen in schijn gereformeerd waren, de&nbsp;<a href=\"https:\/\/www.christipedia.nl\/wiki\/Naamchristen\"><em>naamchristenen<\/em><\/a>, te onderscheiden.&nbsp; De deelnemers gingen zich zien als enige ware wedergeboren gelovigen, de echte \u2018kinderen van Jezus\u2019. De&nbsp;<em>fijnen<\/em>, volgens de buitenwacht.<\/p>\n\n\n\n<p>De offici\u00eble kerk was blij met al die gelovigheid zolang de arme gelovigen maar leerden wat ze als gewillige burgers moesten leren, maar in veel conventikels ging men ook zittende predikanten en de reguliere geloofspraktijk bekritiseren, en daarmee het staatsgezag.&nbsp; Men bedacht er eigen verklaringen voor Bijbelteksten, zong psalmen, collecteerde geld bij elkaar. Dit alles gebeurde onder leiding van een zogenaamde&nbsp;<em><a href=\"https:\/\/nl.wikipedia.org\/wiki\/Oefenaar\">oefenaar<\/a>.&nbsp;<\/em>Dat was soms de dorpsmeester, of een ziekentrooster, een kerkenraadslid of&nbsp;de eigen of een rondtrekkende predikant, of een&nbsp;<em><a href=\"https:\/\/nl.wikipedia.org\/wiki\/Proponent\" target=\"_blank\" rel=\"noreferrer noopener\">proponent<\/a><\/em>. Ook vrouwen waren soms oefenaar. Veel conventikels gingen op gewone kerkdiensten lijken, en sommige bezoekers gingen de offici\u00eble diensten mijden.<\/p>\n\n\n\n<p>Ook in Bleskensgraaf vonden in huiskamers conventikels plaats, in de eerste helft van de achttiende eeuw onder meer geleid door Ary van der Waal en Dirck den Toom, beiden voorouders van mij. Een nakomeling van Ary trouwde met de dochter van eerder genoemde Willem Lohuis uit Aalten. De dochter van dit echtpaar, Egbertje,&nbsp;huwde een nakomeling van Dirck den Toom. En dat werden dan weer de grootouders van mijn opa Mostert.<\/p>\n\n\n\n<p>Naar de bijeenkomsten van Ary van der Waal kwamen steeds meer mensen, soms honderden, van heinde en verre. In 1717 probeerde de kerkenraad zo\u2019n bijeenkomst tevergeefs te voorkomen.<\/p>\n\n\n\n<p>De Zuid-Hollandse Synode van 1669 had al geprobeerd het conventikelgebeuren te reguleren, maar dat was niet goed gelukt. Verschillende \u2018oproerkraaiers\u2019 bleven van dorp naar dorp trekken en bekritiseerden in woord en geschrift de offici\u00eble gereformeerde kerk. Vooral in de Alblasserwaard was de weerklank groot.<\/p>\n\n\n\n<p>Maar er kwam ook verzet tegen al die \u2018fijmelachtige dweperijen\u2019 van zwaar gereformeerde voorgangers, onder wie bij voorbeeld Gerard van Schuylenborg, die vanaf 1711 voorganger in Molenaarsgraaf was en die vond dat alleen echte \u2018wedergeborenen\u2019 het Gebed des Heren mochten uitspreken. Zijn schoolmeester weigerde om die reden de kinderen het \u2018Onze Vader te leren\u2019: die waren nog niet zo ver. Van Schuylenborg werd onder toezicht geplaatst en vertrok in 1716 naar Tienhoven. Genoemde schoolmeester Van Es zag zijn kansen en begon extra bijeenkomsten,&nbsp;<a rel=\"noreferrer noopener\" href=\"https:\/\/nl.wikipedia.org\/wiki\/Conventikel\" target=\"_blank\">conventikels<\/a>, naast de kerkdiensten te organiseren. Steeds meer oproerkraaiers gingen de offici\u00eble kerk uitdagen. Zo ook voorouder Den Toom. Die organiseerde tot woede van de dominee conventikels die sterk op kerkdiensten leken. Bezoekers ervan bleven bij de offici\u00eble diensten weg. Den Toom begon en eindigde met een soort zegen en collecteerde zelfs. De kerkenraad ging jacht maken op deze illegale bijeenkomsten, bij voorbeeld in het bij Bleskensgraaf gelegen Hofwegen. De groep gelovigen week daarom uit naar een woning van iemand die geen lidmaat was. Vast en zeker via deze conventikels werden de \u2018beroerten\u2019 die al in Duitsland, Frankrijk, Schotland en Nieuw-Engeland plaats hadden gevonden, bekend. In Amerika staan ze bekend als de&nbsp;<em><a rel=\"noreferrer noopener\" href=\"https:\/\/nl.wikipedia.org\/wiki\/First_Great_Awakening\" target=\"_blank\">First Great Awakening<\/a><\/em>, waarin veel Afrikaanse slaven zich voor het eerst en vrijwillig tot het christendom bekeerden.<\/p>\n\n\n\n<div class=\"wp-block-media-text is-stacked-on-mobile\" style=\"grid-template-columns:38% auto\"><figure class=\"wp-block-media-text__media\"><img loading=\"lazy\" decoding=\"async\" width=\"473\" height=\"510\" src=\"https:\/\/www.theoken.nl\/blog\/wp-content\/uploads\/2026\/05\/Hogarth_enthusiasm_delineated.jpg\" alt=\"\" class=\"wp-image-301 size-full\" srcset=\"https:\/\/www.theoken.nl\/blog\/wp-content\/uploads\/2026\/05\/Hogarth_enthusiasm_delineated.jpg 473w, https:\/\/www.theoken.nl\/blog\/wp-content\/uploads\/2026\/05\/Hogarth_enthusiasm_delineated-278x300.jpg 278w\" sizes=\"auto, (max-width: 473px) 100vw, 473px\" \/><\/figure><div class=\"wp-block-media-text__content\">\n<p class=\"has-small-font-size\">Spotprent van William Hogarth, \u00a0gericht tegen de opwekkingsprediking van John Wesley en George Whitefield. \u2018Ervaarbaar\u2019 geloven stelt Hogarth\u00a0gelijk aan heksenwaan, niet-christelijke religies en seksuele uitspattingen. Achter de lessenaar een jood, achter het raam een Moor.<\/p>\n<\/div><\/div>\n\n\n\n<p>In Nijkerk begonnen in onze streken de \u2018beroerten\u2019 of \u2018beroeringen\u2019 in 1749. Daar gingen halverwege november gelovigen tijdens kerkdiensten van de nieuwe dominee Gerardus Kuypers soms dwars door de preek heen roepen, zingen, huilen. Sommigen kregen stuiptrekkingen of vielen flauw. Ze beweerden daarbij, dat ze bevangen waren door \u2018het ware geloof\u2019. Al gauw werden deze beroeringen bekend in den lande: van heinde en verre trokken gelovigen naar Nijkerk om het zelf te zien of om ook bevangen te raken.&nbsp;<\/p>\n\n\n\n<div class=\"wp-block-media-text has-media-on-the-right is-stacked-on-mobile\" style=\"grid-template-columns:auto 32%\"><div class=\"wp-block-media-text__content\">\n<p class=\"has-small-font-size\">\u2018Beroering onder den godsdienst te Nieuwkerk\u2019, Reinier Vinkeles, 1788.<\/p>\n<\/div><figure class=\"wp-block-media-text__media\"><img loading=\"lazy\" decoding=\"async\" width=\"674\" height=\"1024\" src=\"https:\/\/www.theoken.nl\/blog\/wp-content\/uploads\/2026\/05\/23-nijkerkse-beroeringen.webp\" alt=\"\" class=\"wp-image-299 size-full\" srcset=\"https:\/\/www.theoken.nl\/blog\/wp-content\/uploads\/2026\/05\/23-nijkerkse-beroeringen.webp 674w, https:\/\/www.theoken.nl\/blog\/wp-content\/uploads\/2026\/05\/23-nijkerkse-beroeringen-197x300.webp 197w\" sizes=\"auto, (max-width: 674px) 100vw, 674px\" \/><\/figure><\/div>\n\n\n\n<p>Door het \u2018Nieuwkerkse werk\u2019 was Nijkerk dus even het centrum van gereformeerd reli-toerisme. Vanuit Nijkerk verspreidden rondtrekkende predikers deze nieuwe vorm van religieus beleven naar dorpen en stadjes. In sommige plaatsen ontlokte de vaste dominee zelf de beroeringen. In Aalten was dat in 1750 het geval met predikant Philippus de Roy. In 1751 volgde Werkendam en in 1752 stond de Alblasserwaard op zijn kop, eerst in Hardinxveld en in Giessendam, daarna in Sliedrecht en Papendrecht en in Giessen-Nieuwkerk. In maart begonnen de beroerten in Bleskensgraaf, gevolgd door Molenaarsgraaf, Oud-Alblas, Alblasserdam en Streefkerk, dorpen waar heel wat voorouders van mij vandaan komen!<\/p>\n\n\n\n<div class=\"wp-block-media-text is-stacked-on-mobile\" style=\"grid-template-columns:44% auto\"><figure class=\"wp-block-media-text__media\"><img loading=\"lazy\" decoding=\"async\" width=\"462\" height=\"305\" src=\"https:\/\/www.theoken.nl\/blog\/wp-content\/uploads\/2026\/05\/Van-Meeteren-Alblasserwaard.jpg\" alt=\"\" class=\"wp-image-302 size-full\" srcset=\"https:\/\/www.theoken.nl\/blog\/wp-content\/uploads\/2026\/05\/Van-Meeteren-Alblasserwaard.jpg 462w, https:\/\/www.theoken.nl\/blog\/wp-content\/uploads\/2026\/05\/Van-Meeteren-Alblasserwaard-300x198.jpg 300w\" sizes=\"auto, (max-width: 462px) 100vw, 462px\" \/><\/figure><div class=\"wp-block-media-text__content\">\n<p class=\"has-small-font-size\">Verspreiding van de beroeringen in de Alblasserwaard (A. van Meeteren)<\/p>\n<\/div><\/div>\n\n\n\n<p>In Bleskensgraaf waren op 2 maart 1752 de kinderen op de dorpsschool heel opvallend gaan huilen vanwege hun zonden. Ze riepen ernstig en krachtig om de Goddelijke verlossing. Al gauw gingen de dorpsbewoners met eigen ogen dit verschijnsel bekijken en ook zij raakten in staat van beroerte vanwege hun eigen \u2018verloren staat\u2019. Op zondagavond 5 maart werden de conventikels&nbsp;massaal bezocht door mensen die rouwklaagden, baden en huilden vanwege hun zondige leven. De week daarop kregen tijdens de reguliere kerkdienst verschillende mensen allerlei \u2018lichaamsaandoeningen\u2019, zoals verhevigde polsslag, blozen, en gevoelloosheid voor externe prikkels. Men wrong de handen, viel op de grond, had zware stuiptrekkingen. Bij de een waren de verschijnselen zwaarder dan bij de ander, en de waarlijk bekeerden kregen ook visioenen, bij voorbeeld van Jezus als geslacht lam.<\/p>\n\n\n\n<p>Hoe lang Bleskensgraaf in de ban van de beroeringen was, is onbekend: bronnen zijn uiterst schaars. Meestal duurde een en ander een jaar. Omstreeks 1753 begonnen verschillende kerksynodes en wereldlijke overheden maatregelen te treffen. Wat andersgelovigen uitvraten tijdens hun kerkdiensten, maakte niet uit, maar in de gereformeerde staatskerk waren niet gereguleerde geloofsuitingen door het gewone volk ongewenst. Ze werden gezien als bedreigend voor de openbare orde: het is hier geen&nbsp;<em>smouzenkerk<\/em>, foeterde invloedrijk Leids hoogleraar Van den Honert. Stadhouder Willem IV zag het gevaar en organiseerde een tegenbeweging. Gewestelijke vergaderingen en provinciale synodes bogen zich erover. In verschillende gewesten kon je daardoor voortaan, als je de kerkdienst verstoorde, door het burgerlijk gezag gearresteerd en door het kerkelijk gezag uit de geloofsgemeenschap verbannen worden. Het hielp: gereformeerd Nederland zou niet meer door deze vorm van gekte worden bevangen.<\/p>\n\n\n\n<p>Er is betrekkelijk veel over deze beroeringen gepubliceerd. Er is om te beginnen onder historici veel discussie over mogelijke verklaringen. Zo zou er een&nbsp;biochemische oorzaak kunnen zijn in de vorm van een op graan voorkomende schimmel: het&nbsp;<a rel=\"noreferrer noopener\" href=\"https:\/\/nl.wikipedia.org\/wiki\/Echt_moederkoren\" target=\"_blank\">moederkoren<\/a>. Dat moederkoren heeft geestverruimende stoffen in zich, die lijken op LSD en die tot spasmen en visioenen kunnen leiden.<\/p>\n\n\n\n<p>Ook tijdgenoten schreven er veel over, meestal negatief. Er brak bij voorbeeld een ware pamflettenoorlog los onder dominees en hoogleraren. En er zijn enkele egodocumenten bewaard gebleven van pi\u00ebtisten, ook van vrouwen.<\/p>\n\n\n\n<p>De gebeurtenissen lijken bovendien iets te zeggen over de ontwikkeling van de staatsmacht en de greep van de overheid op het geestelijk leven van haar onderdanen. Tot slot stonden bij alle gebeurtenissen vooral mensen centraal die weinig sporen in de geschiedenis hebben achtergelaten: arme boeren en arbeiders in dorpen en stadjes aan de periferie van de Republiek. Bijna al mijn voorouders komen uit de getroffen gebieden, en vaak ook uit de dorpen waarin de beroerten plaatsvonden, nu vooral te vinden in onze&nbsp;<em>bible belt<\/em>.<\/p>\n\n\n\n<p>Voorouder Willem Lohuis wordt net na de beroeringen geboren, en er is geen reden om een direct verband te veronderstellen. Misschien echter ontmoetten zijn ouders en die van Grietje de Wit elkaar wel als reli-toeristen in Nijkerk. Want&nbsp;de geschiedenis van deze korte en heftige periode in het Nederlandse protestantisme maakt wel duidelijk, dat er niet of nauwelijks geboekstaafde contacten bestonden tussen geloofsgeme<\/p>\n","protected":false},"excerpt":{"rendered":"<p>Tot circa 1700 komen al mijn voorouders (250 zijn er tot zeven generaties terug bekend) uit een beperkt gebied, meestal<\/p>\n","protected":false},"author":1,"featured_media":0,"parent":0,"menu_order":0,"comment_status":"closed","ping_status":"closed","template":"","meta":{"ngg_post_thumbnail":0,"footnotes":""},"class_list":["post-297","page","type-page","status-publish","hentry","comments-off"],"yoast_head":"<!-- This site is optimized with the Yoast SEO plugin v27.6 - https:\/\/yoast.com\/product\/yoast-seo-wordpress\/ -->\n<title>Voorouders II: conventikels en beroeringen in de Alblasserwaard. - Blog4<\/title>\n<meta name=\"robots\" content=\"index, follow, max-snippet:-1, max-image-preview:large, max-video-preview:-1\" \/>\n<link rel=\"canonical\" href=\"https:\/\/www.theoken.nl\/blog\/voorouders-ii-conventikels-en-beroeringen-in-de-alblasserwaard\/\" \/>\n<meta property=\"og:locale\" content=\"nl_NL\" \/>\n<meta property=\"og:type\" content=\"article\" \/>\n<meta property=\"og:title\" content=\"Voorouders II: conventikels en beroeringen in de Alblasserwaard. - Blog4\" \/>\n<meta property=\"og:description\" content=\"Tot circa 1700 komen al mijn voorouders (250 zijn er tot zeven generaties terug bekend) uit een beperkt gebied, meestal\" \/>\n<meta property=\"og:url\" content=\"https:\/\/www.theoken.nl\/blog\/voorouders-ii-conventikels-en-beroeringen-in-de-alblasserwaard\/\" \/>\n<meta property=\"og:site_name\" content=\"Blog4\" \/>\n<meta property=\"article:modified_time\" content=\"2026-05-05T13:58:49+00:00\" \/>\n<meta property=\"og:image\" content=\"https:\/\/www.theoken.nl\/blog\/wp-content\/uploads\/2026\/05\/Hogarth_enthusiasm_delineated.jpg\" \/>\n<meta name=\"twitter:card\" content=\"summary_large_image\" \/>\n<meta name=\"twitter:label1\" content=\"Geschatte leestijd\" \/>\n\t<meta name=\"twitter:data1\" content=\"9 minuten\" \/>\n<script type=\"application\/ld+json\" class=\"yoast-schema-graph\">{\"@context\":\"https:\\\/\\\/schema.org\",\"@graph\":[{\"@type\":\"WebPage\",\"@id\":\"https:\\\/\\\/www.theoken.nl\\\/blog\\\/voorouders-ii-conventikels-en-beroeringen-in-de-alblasserwaard\\\/\",\"url\":\"https:\\\/\\\/www.theoken.nl\\\/blog\\\/voorouders-ii-conventikels-en-beroeringen-in-de-alblasserwaard\\\/\",\"name\":\"Voorouders II: conventikels en beroeringen in de Alblasserwaard. - Blog4\",\"isPartOf\":{\"@id\":\"https:\\\/\\\/www.theoken.nl\\\/blog\\\/#website\"},\"primaryImageOfPage\":{\"@id\":\"https:\\\/\\\/www.theoken.nl\\\/blog\\\/voorouders-ii-conventikels-en-beroeringen-in-de-alblasserwaard\\\/#primaryimage\"},\"image\":{\"@id\":\"https:\\\/\\\/www.theoken.nl\\\/blog\\\/voorouders-ii-conventikels-en-beroeringen-in-de-alblasserwaard\\\/#primaryimage\"},\"thumbnailUrl\":\"https:\\\/\\\/www.theoken.nl\\\/blog\\\/wp-content\\\/uploads\\\/2026\\\/05\\\/Hogarth_enthusiasm_delineated.jpg\",\"datePublished\":\"2026-05-05T13:50:44+00:00\",\"dateModified\":\"2026-05-05T13:58:49+00:00\",\"breadcrumb\":{\"@id\":\"https:\\\/\\\/www.theoken.nl\\\/blog\\\/voorouders-ii-conventikels-en-beroeringen-in-de-alblasserwaard\\\/#breadcrumb\"},\"inLanguage\":\"nl-NL\",\"potentialAction\":[{\"@type\":\"ReadAction\",\"target\":[\"https:\\\/\\\/www.theoken.nl\\\/blog\\\/voorouders-ii-conventikels-en-beroeringen-in-de-alblasserwaard\\\/\"]}]},{\"@type\":\"ImageObject\",\"inLanguage\":\"nl-NL\",\"@id\":\"https:\\\/\\\/www.theoken.nl\\\/blog\\\/voorouders-ii-conventikels-en-beroeringen-in-de-alblasserwaard\\\/#primaryimage\",\"url\":\"https:\\\/\\\/www.theoken.nl\\\/blog\\\/wp-content\\\/uploads\\\/2026\\\/05\\\/Hogarth_enthusiasm_delineated.jpg\",\"contentUrl\":\"https:\\\/\\\/www.theoken.nl\\\/blog\\\/wp-content\\\/uploads\\\/2026\\\/05\\\/Hogarth_enthusiasm_delineated.jpg\",\"width\":473,\"height\":510},{\"@type\":\"BreadcrumbList\",\"@id\":\"https:\\\/\\\/www.theoken.nl\\\/blog\\\/voorouders-ii-conventikels-en-beroeringen-in-de-alblasserwaard\\\/#breadcrumb\",\"itemListElement\":[{\"@type\":\"ListItem\",\"position\":1,\"name\":\"Home\",\"item\":\"https:\\\/\\\/www.theoken.nl\\\/blog\\\/\"},{\"@type\":\"ListItem\",\"position\":2,\"name\":\"Voorouders II: conventikels en beroeringen in de Alblasserwaard.\"}]},{\"@type\":\"WebSite\",\"@id\":\"https:\\\/\\\/www.theoken.nl\\\/blog\\\/#website\",\"url\":\"https:\\\/\\\/www.theoken.nl\\\/blog\\\/\",\"name\":\"Blog4\",\"description\":\"\",\"potentialAction\":[{\"@type\":\"SearchAction\",\"target\":{\"@type\":\"EntryPoint\",\"urlTemplate\":\"https:\\\/\\\/www.theoken.nl\\\/blog\\\/?s={search_term_string}\"},\"query-input\":{\"@type\":\"PropertyValueSpecification\",\"valueRequired\":true,\"valueName\":\"search_term_string\"}}],\"inLanguage\":\"nl-NL\"}]}<\/script>\n<!-- \/ Yoast SEO plugin. -->","yoast_head_json":{"title":"Voorouders II: conventikels en beroeringen in de Alblasserwaard. - Blog4","robots":{"index":"index","follow":"follow","max-snippet":"max-snippet:-1","max-image-preview":"max-image-preview:large","max-video-preview":"max-video-preview:-1"},"canonical":"https:\/\/www.theoken.nl\/blog\/voorouders-ii-conventikels-en-beroeringen-in-de-alblasserwaard\/","og_locale":"nl_NL","og_type":"article","og_title":"Voorouders II: conventikels en beroeringen in de Alblasserwaard. - Blog4","og_description":"Tot circa 1700 komen al mijn voorouders (250 zijn er tot zeven generaties terug bekend) uit een beperkt gebied, meestal","og_url":"https:\/\/www.theoken.nl\/blog\/voorouders-ii-conventikels-en-beroeringen-in-de-alblasserwaard\/","og_site_name":"Blog4","article_modified_time":"2026-05-05T13:58:49+00:00","og_image":[{"url":"https:\/\/www.theoken.nl\/blog\/wp-content\/uploads\/2026\/05\/Hogarth_enthusiasm_delineated.jpg","type":"","width":"","height":""}],"twitter_card":"summary_large_image","twitter_misc":{"Geschatte leestijd":"9 minuten"},"schema":{"@context":"https:\/\/schema.org","@graph":[{"@type":"WebPage","@id":"https:\/\/www.theoken.nl\/blog\/voorouders-ii-conventikels-en-beroeringen-in-de-alblasserwaard\/","url":"https:\/\/www.theoken.nl\/blog\/voorouders-ii-conventikels-en-beroeringen-in-de-alblasserwaard\/","name":"Voorouders II: conventikels en beroeringen in de Alblasserwaard. - Blog4","isPartOf":{"@id":"https:\/\/www.theoken.nl\/blog\/#website"},"primaryImageOfPage":{"@id":"https:\/\/www.theoken.nl\/blog\/voorouders-ii-conventikels-en-beroeringen-in-de-alblasserwaard\/#primaryimage"},"image":{"@id":"https:\/\/www.theoken.nl\/blog\/voorouders-ii-conventikels-en-beroeringen-in-de-alblasserwaard\/#primaryimage"},"thumbnailUrl":"https:\/\/www.theoken.nl\/blog\/wp-content\/uploads\/2026\/05\/Hogarth_enthusiasm_delineated.jpg","datePublished":"2026-05-05T13:50:44+00:00","dateModified":"2026-05-05T13:58:49+00:00","breadcrumb":{"@id":"https:\/\/www.theoken.nl\/blog\/voorouders-ii-conventikels-en-beroeringen-in-de-alblasserwaard\/#breadcrumb"},"inLanguage":"nl-NL","potentialAction":[{"@type":"ReadAction","target":["https:\/\/www.theoken.nl\/blog\/voorouders-ii-conventikels-en-beroeringen-in-de-alblasserwaard\/"]}]},{"@type":"ImageObject","inLanguage":"nl-NL","@id":"https:\/\/www.theoken.nl\/blog\/voorouders-ii-conventikels-en-beroeringen-in-de-alblasserwaard\/#primaryimage","url":"https:\/\/www.theoken.nl\/blog\/wp-content\/uploads\/2026\/05\/Hogarth_enthusiasm_delineated.jpg","contentUrl":"https:\/\/www.theoken.nl\/blog\/wp-content\/uploads\/2026\/05\/Hogarth_enthusiasm_delineated.jpg","width":473,"height":510},{"@type":"BreadcrumbList","@id":"https:\/\/www.theoken.nl\/blog\/voorouders-ii-conventikels-en-beroeringen-in-de-alblasserwaard\/#breadcrumb","itemListElement":[{"@type":"ListItem","position":1,"name":"Home","item":"https:\/\/www.theoken.nl\/blog\/"},{"@type":"ListItem","position":2,"name":"Voorouders II: conventikels en beroeringen in de Alblasserwaard."}]},{"@type":"WebSite","@id":"https:\/\/www.theoken.nl\/blog\/#website","url":"https:\/\/www.theoken.nl\/blog\/","name":"Blog4","description":"","potentialAction":[{"@type":"SearchAction","target":{"@type":"EntryPoint","urlTemplate":"https:\/\/www.theoken.nl\/blog\/?s={search_term_string}"},"query-input":{"@type":"PropertyValueSpecification","valueRequired":true,"valueName":"search_term_string"}}],"inLanguage":"nl-NL"}]}},"_links":{"self":[{"href":"https:\/\/www.theoken.nl\/blog\/wp-json\/wp\/v2\/pages\/297","targetHints":{"allow":["GET"]}}],"collection":[{"href":"https:\/\/www.theoken.nl\/blog\/wp-json\/wp\/v2\/pages"}],"about":[{"href":"https:\/\/www.theoken.nl\/blog\/wp-json\/wp\/v2\/types\/page"}],"author":[{"embeddable":true,"href":"https:\/\/www.theoken.nl\/blog\/wp-json\/wp\/v2\/users\/1"}],"replies":[{"embeddable":true,"href":"https:\/\/www.theoken.nl\/blog\/wp-json\/wp\/v2\/comments?post=297"}],"version-history":[{"count":2,"href":"https:\/\/www.theoken.nl\/blog\/wp-json\/wp\/v2\/pages\/297\/revisions"}],"predecessor-version":[{"id":303,"href":"https:\/\/www.theoken.nl\/blog\/wp-json\/wp\/v2\/pages\/297\/revisions\/303"}],"wp:attachment":[{"href":"https:\/\/www.theoken.nl\/blog\/wp-json\/wp\/v2\/media?parent=297"}],"curies":[{"name":"wp","href":"https:\/\/api.w.org\/{rel}","templated":true}]}}